{"id":46,"date":"2023-02-06T11:52:00","date_gmt":"2023-02-06T11:52:00","guid":{"rendered":"https:\/\/icntri2023.nmsme.org\/icntri2023\/?page_id=46"},"modified":"2023-10-07T08:11:57","modified_gmt":"2023-10-07T08:11:57","slug":"committees","status":"publish","type":"page","link":"https:\/\/icntri2023.nmsme.org\/icntri2023\/committees\/","title":{"rendered":"Committees"},"content":{"rendered":"<h3><strong>Organizing Committee<\/strong><\/h3>\n<pre><a href=\"https:\/\/www.researchgate.net\/profile\/Igor-Bdikin\">Dr. Igor Bdikin, University of Aveiro, <strong>Portugal<\/strong><\/a>\r\n<a href=\"https:\/\/www.researchgate.net\/profile\/Budhendra-Singh\">Prof. Dr. Budhendra Kumar Singh, Central University of South Bihar, <strong>India <\/strong><\/a>\r\n<a href=\"https:\/\/scholar.google.co.in\/citations?user=ZNweBr0AAAAJ&amp;hl=en\">Dr. Vikram Uttam Pandit, Haribhai V. Desai Arts, Science &amp; Commerce College, Pune, <strong>India<\/strong><\/a><strong>\u00a0\u00a0\u00a0 <\/strong>\r\n<a href=\"https:\/\/www.researchgate.net\/profile\/Gunnar-Suchaneck\">Prof. Dr. Gunnar Suchaneck, Technische Universit\u00e4t Dresden, <strong>Germany <\/strong><\/a> \r\n<a href=\"https:\/\/bv.fapesp.br\/en\/pesquisador\/164822\/heberton-wender-luiz-dos-santos\/\">Prof. Dr. Heberton Wender, Federal University of Mato Grosso do Sul, <strong>Brazil\u00a0 <\/strong><\/a>\r\n<a href=\"https:\/\/www.researchgate.net\/profile\/Alaa-Almansoori-2\">Dr. Alaa Almansoori, Technical Institute of Basra, Southern Technical University, <strong>Iraq <\/strong><\/a>\r\n<a href=\"https:\/\/sigi.nucleares.unam.mx\/sgiicn\/people\/user\/view\/id\/2122\">Dr. Alejandro Heredia Barbero, Universidad Nacional Aut\u00f3noma de M\u00e9xico, <strong>Mexico <\/strong><\/a>\r\n<a href=\"https:\/\/www.ua.pt\/pt\/p\/80423881\">Dr. Gil Alberto Batista Gon\u00e7alves, University of Aveiro, <strong>Portugal<\/strong><\/a>\r\n<a href=\"https:\/\/scholar.google.co.za\/citations?user=q9nTDbYAAAAJ&amp;hl=en\">Prof. Dr. Salam J.J. Titinchi, University of the Western Cape, Cape Town, <strong>South Africa <\/strong><\/a>\r\n<a href=\"https:\/\/www.researchgate.net\/profile\/Dina-Bakranova-2\">Dr. Dina I. Bakranova, Kazakh-British Technical University, <strong>Kazakhstan<\/strong><\/a>\r\n<a href=\"https:\/\/www.researchgate.net\/profile\/Maciej-Wojtas\">Prof. Dr. Maciej Wojta\u015b, Faculty of Chemistry, University of Wroclaw, <strong>Poland<\/strong><\/a>\r\n<a href=\"https:\/\/www.ek-cer.hu\/en\/home\/\">Prof. Dr. Ezddin Hutli, Centre for Energy Research MTAEK, Budapest,<strong> Hungary<\/strong><\/a>\r\n<a href=\"https:\/\/www.ua.pt\/pt\/p\/10312763\">Prof. Dr. V\u00edtor Ant\u00f3nio Ferreira da Costa,\u00a0 University of Aveiro, <strong>Portugal<\/strong><\/a>\r\n<a href=\"https:\/\/dergipark.org.tr\/en\/pub\/@serbulentturk\">Dr. Serb\u00fclent T\u00fcrk, Sakarya University,<strong> Turkey\r\n<\/strong><\/a><a href=\"https:\/\/www.researchgate.net\/profile\/Henrikas-Cesiulis\">Prof. Dr. Henrikas Cesiulis, Vilnius University, <strong>Lithuania<\/strong><\/a>\r\n<a href=\"https:\/\/www.ua.pt\/pt\/p\/10317320\">Prof. Dr. Ant\u00f3nio Manuel de Bastos Pereira, University of Aveiro, <strong>Portugal<\/strong><\/a>\r\n<a href=\"https:\/\/orcid.org\/0000-0003-1296-4002\">Prof. Dr. Aleksandr Bagmut, National Technical University \u201cKhPI\u201d, Kharkiv, <strong>Ukraine<\/strong><\/a>\r\n<a href=\"http:\/\/nagpuruniversity.ac.in\">Prof. Dr. Debashis Bhowmick, RTM Nagpur University, Nagpur, <strong>India<\/strong>\r\n<\/a><\/pre>\n<h3><strong>Program Committee<\/strong><\/h3>\n<pre>Dr. Abdelkadir Belhadj, University of Tlemcen, Tlemcen, <strong>Algeria<\/strong>\r\nDr. Alaa Almansoori, Technical Institute of Basra, Southern Technical University, <strong>Iraq <\/strong>\r\nDr. Alejandro Heredia Barbero, Universidad Nacional Aut\u00f3noma de M\u00e9xico, <strong>Mexico \r\n<\/strong>Prof. Dr. Aleksandr Bagmut, National Technical University \u201cKhPI\u201d, Kharkiv, <strong>Ukraine<\/strong>\r\nDr. Aliaksandr Shaula, University of Aveiro, <strong>Portugal\r\n<\/strong>Prof. Dr. Allisson Saiter-Fourcin, University of Normandy, Rouen, <strong>France<\/strong> \r\nDr. Andrei Kovalevsky, University of Aveiro, <strong>Portugal<\/strong>\r\nProf. Dr. Ant\u00f3nio Manuel Godinho Completo, University of Aveiro, <strong>Portugal<\/strong>\r\nProf. Dr. Ant\u00f3nio Manuel de Amaral Monteiro Ramos, University of Aveiro, <strong>Portugal<\/strong>\r\nProf. Dr. Ant\u00f3nio Manuel de Bastos Pereira, University of Aveiro, <strong>Portugal\r\n<\/strong>Dr. Anuraag Gaddam, University of Aveiro, <strong>Portugal<\/strong>\r\nProf. Dr. Binay Kumar, University of Delhi, <strong>India<\/strong>\r\nProf. Dr. Budhendra Kumar Singh, Central University of South Bihar, <strong>India <\/strong>\r\nProf. Dr. Cau\u00ea Alves Martins, Federal University of Mato Grosso do Sul, <strong>Brazil<\/strong>\r\nProf. Dr. Cicero R. Cena, Instituto de F\u00edsica, Mato Grosso do Sul Federal University, <strong>Brazil<\/strong>\r\nDr. D. Pukazhselvan, University of Aveiro, <strong>Portugal\r\n<\/strong>Prof. Dr. Debashis Bhowmick, RTM Nagpur University, Nagpur, <strong>India<\/strong>\r\nDr. Dina I. Bakranova, Kazakh-British Technical University, <strong>Kazakhstan<\/strong>\r\nDr. Duncan Paul Fagg, University of Aveiro, <strong>Portugal <\/strong>\r\nProf. Dr. Eudes Borges de Araujo, Sao Paulo State University (UNESP), <strong>Brazil<\/strong>\r\nProf. Dr. Ezddin Hutli, Centre for Energy Research MTAEK, Budapest,<strong> Hungary<\/strong>\r\nDr. F\u00e1bio G. Figueiras, University of Porto,<strong> Portugal\r\n<\/strong>Dr. Francisco Loureiro, University of Aveiro, <strong>Portugal <\/strong>\r\nProf. Dr. Gabriela Simone Lorite Yrj\u00e4n\u00e4, University of Oulu,<strong> Finland<\/strong>\r\nDr. Gil Alberto Batista Gon\u00e7alves, University of Aveiro, <strong>Portugal<\/strong>\r\nDr. Gonzalo Guillermo Otero Irurueta, University of Aveiro, <strong>Portugal<\/strong>\r\nProf. Dr. Gunnar Suchaneck, Technische Universit\u00e4t Dresden, <strong>Germany\u00a0\u00a0\u00a0\u00a0\u00a0 <\/strong>\r\nProf. Dr. Heberton Wender, Federal University of Mato Grosso do Sul, <strong>Brazil\u00a0 <\/strong>\r\nProf. Dr. Henrikas Cesiulis, Vilnius University, <strong>Lithuania<\/strong>\r\nDr. Igor Bdikin, University of Aveiro, <strong>Portugal<\/strong>\r\nDr. Indrani Coondoo, University of Aveiro, <strong>Portugal<\/strong>\r\nProf. Dr. Jamal Davoodi, University of Zanjan,<strong> Iran<\/strong>\r\nDr. Joana Catarina Mendes, \u00a0Universidade de Aveiro, <strong>Portugal<\/strong>\r\nProf. Dr. Jo\u00e3o Paulo Davim Tavares da Silva, University of Aveiro,<strong> Portugal\u00a0\u00a0\u00a0\u00a0\u00a0\u00a0\u00a0 <\/strong>\r\nProf. Dr. Jose Angel Martin-Gago, Institute of Material Science of Madrid-CSIC,<strong> Spain <\/strong>\r\nProf. Dr. Jos\u00e9 M.F. Ferreira, University of Aveiro,<strong> Portugal\u00a0\r\n<\/strong>Dr. Laura Holz, University of Aveiro,<strong> Portugal\u00a0<\/strong> \u00a0\r\nProf. Dr. Maciej Wojta\u015b, Faculty of Chemistry, University of Wroclaw, <strong>Poland<\/strong>\r\nProf. Dr. Manoj Kumar Singh, Central University of Haryana (CHU), Haryana, <strong>India<\/strong>\r\nProf. Dr. Manuel Melle-Franco, University of Aveiro, <strong>Portugal<\/strong>\r\nProf. Dr. Marc Georg Willinger, Technical University of Munich, <strong>Germany<\/strong>\r\nProf. Dr. M\u00f3nica Sandra Abrantes de Oliveira Correia, University of Aveiro, <strong>Portugal <\/strong>\r\nProf. Dr. Musaab ZAROG, Sultan Qaboos University, <strong>Oman <\/strong>\r\nProf. Dr. Nader Ghaffari Khaligh, Universiti Malaya,<strong> Malaysia<\/strong>\r\nDr. Nat\u00e1lia Barroca, University of Aveiro,<strong> Portugal\u00a0\u00a0\u00a0<\/strong>\r\nProf. Dr. Natalia Tintaru, Vilnius University, Vilnius,<strong> Lithuania; <\/strong>Institute of Applied Physics, Chisinau,<strong> Moldova\r\n<\/strong>Prof. Dr. Neeraj Panwar, Central University of Rajasthan, Bandarsindri, <strong>India<\/strong>\r\nProf. Dr. Nikolai Sobolev, University of Aveiro, <strong>Portugal<\/strong>\r\nDr. Oleksandr Tkach, University of Aveiro, <strong>Portugal<\/strong>\r\nProf. Dr. Radheshyam Rai, Eternal University, <strong>India<\/strong>\r\nDr. Ranjit Hawaldar, Centre for Materials for Electronics Technology, Pune, <strong>India<\/strong>\r\nDr. Pankaj Bharmoria, Chalmers University of Technology, <strong>Sweden<\/strong>\r\nDr. Pavani Krishnapuram, University of Aveiro, Aveiro, <strong>Portugal<\/strong>\r\nProf. Dr. Paula Ferreira, University of Aveiro,\u00a0 <strong>Portugal\r\n<\/strong>Prof. Dr. Pedro Alpuim, International Iberian Nanotechnology Laboratory, <strong>Portugal<\/strong>\r\nProf. Dr. Salam J.J. Titinchi, University of the Western Cape, Cape Town, <strong>South Africa <\/strong>\r\nDr. S. Shanmuga Sundari, PSGR Krishnammal College for Women, Coimbatore, <strong>India <\/strong>\r\nProf. Dr. Senentxu Lanceros-M\u00e9ndez, Parque Cient\u00edfico y Tecnol\u00f3gico de Bizkaia, <strong>Spain <\/strong>\r\nDr. Serb\u00fclent T\u00fcrk, Sakarya University,<strong> Turkey<\/strong>\r\nDr. Suresh Kumar Jakka, University of Aveiro,<strong> Portugal<\/strong>\r\nDr. Svitlana Kopyl, University of Aveiro,<strong> Portugal<\/strong>\r\nDr. Thangaraju Dheivasigamani, PSG Institute of Technology and Applied Research, <strong>India<\/strong>\r\nDr. Venkata Ramana Eskilla, University of Aveiro, <strong>Portugal<\/strong>\r\nDr. Vikram Uttam Pandit, Haribhai V. Desai Arts, Science &amp; Commerce College, Pune, <strong>India\u00a0\u00a0\u00a0 <\/strong>\r\nProf. Dr. Vincent Ball, Universit\u00e9 de Strasbourg, <strong>France<\/strong>\r\nProf. Dr. V\u00edtor Ant\u00f3nio Ferreira da Costa,\u00a0 University of Aveiro, <strong>Portugal<\/strong>\r\n\r\n<\/pre>\n<h3><strong>Editorial Board<\/strong><\/h3>\n<pre>Dr. Igor Bdikin (UA, <strong>Portugal<\/strong>)\r\nDr. Gil Alberto Batista Gon\u00e7alves (UA, <strong>Portugal<\/strong>)\r\nDr. Milan Vuk\u0161i\u0107 (Jo\u017eef Stefan Institute, Ljubljana, <strong>Slovenia<\/strong>)\r\nMs. Martina Kocijan (University of Zagreb, <strong>Croatia<\/strong>)<\/pre>\n<h3><strong>Technical Program Committee<\/strong><\/h3>\n<pre>Dr. Igor Bdikin (University of Aveiro, <strong>Portugal)<\/strong>\r\nDr. Gil Alberto Batista Gon\u00e7alves (University of Aveiro, <strong>Portugal)<\/strong>\r\nDr. Indrani Coondoo (University of Aveiro, <strong>Portugal)\r\n<\/strong>Dr. Gonzalo Guillermo Otero Irurueta (University of Aveiro, <strong>Portugal)\r\n<\/strong>Dr. Nat\u00e1lia Barroca (University of Aveiro,<strong> Portugal) <\/strong>\r\nDr. Milan Vuk\u0161i\u0107 (Jo\u017eef Stefan Institute, Ljubljana, <strong>Slovenia<\/strong>)\r\nDr. Francisco Loureiro (University of Aveiro, <strong>Portugal)<\/strong>\r\nMs. Martina Kocijan (University of Zagreb, <strong>Croatia<\/strong>)<\/pre>\n<h3><strong>Local Organizing committee<\/strong><\/h3>\n<pre>Dr. D. Pukazhselvan, University of Aveiro, <strong>Portugal<\/strong>\r\nDr. Francisco Loureiro, University of Aveiro, <strong>Portugal<\/strong> \r\nDr. Gil Alberto Batista Gon\u00e7alves, University of Aveiro, <strong>Portugal\r\n<\/strong>Dr. Gonzalo Guillermo Otero Irurueta, University of Aveiro, <strong>Portugal<\/strong>\r\nDr. Igor Bdikin, University of Aveiro, <strong>Portugal<\/strong>\r\nDr. Indrani Coondoo, University of Aveiro, <strong>Portugal<\/strong>\r\nDr. Joana Catarina Mendes,  Universidade de Aveiro, <strong>Portugal\r\n<\/strong>Dr. Nat\u00e1lia Barroca, University of Aveiro, <strong>Portugal<\/strong>\r\nDr. Pavani Krishnapuram, University of Aveiro, <strong>Portugal<\/strong>   \r\nDr. Suresh Kumar Jakka, University of Aveiro, <strong>Portugal<\/strong>\r\nDr. Venkata Ramana Eskilla, University of Aveiro, <strong>Portugal<\/strong><\/pre>\n<h3><strong>Conference Contacts<\/strong><\/h3>\n<p>Email: \u00a0<a href=\"mailto:info@icntri.org\">info@icntri.org<\/a><br \/>\nConference Web: <a href=\"https:\/\/icntri2023.nmsme.org\/icntri2023\/\">https:\/\/icntri2023.nmsme.org\/icntri2023\/<\/a><\/p>\n","protected":false},"excerpt":{"rendered":"<p>Organizing Committee Dr. Igor Bdikin, University of Aveiro, Portugal Prof. Dr. Budhendra Kumar Singh, Central University of South Bihar, India Dr. Vikram Uttam Pandit, Haribhai V. Desai Arts, Science &amp; Commerce College, Pune, India\u00a0\u00a0\u00a0 Prof. Dr. Gunnar Suchaneck, Technische Universit\u00e4t Dresden, Germany Prof. Dr. Heberton Wender, Federal University of Mato Grosso do Sul, Brazil\u00a0 Dr. [&hellip;]<\/p>\n","protected":false},"author":1,"featured_media":0,"parent":0,"menu_order":0,"comment_status":"closed","ping_status":"closed","template":"","meta":{"om_disable_all_campaigns":false,"_monsterinsights_skip_tracking":false,"_monsterinsights_sitenote_active":false,"_monsterinsights_sitenote_note":"","_monsterinsights_sitenote_category":0,"footnotes":""},"class_list":["post-46","page","type-page","status-publish","hentry"],"aioseo_notices":[],"jetpack_sharing_enabled":true,"_links":{"self":[{"href":"https:\/\/icntri2023.nmsme.org\/icntri2023\/wp-json\/wp\/v2\/pages\/46","targetHints":{"allow":["GET"]}}],"collection":[{"href":"https:\/\/icntri2023.nmsme.org\/icntri2023\/wp-json\/wp\/v2\/pages"}],"about":[{"href":"https:\/\/icntri2023.nmsme.org\/icntri2023\/wp-json\/wp\/v2\/types\/page"}],"author":[{"embeddable":true,"href":"https:\/\/icntri2023.nmsme.org\/icntri2023\/wp-json\/wp\/v2\/users\/1"}],"replies":[{"embeddable":true,"href":"https:\/\/icntri2023.nmsme.org\/icntri2023\/wp-json\/wp\/v2\/comments?post=46"}],"version-history":[{"count":20,"href":"https:\/\/icntri2023.nmsme.org\/icntri2023\/wp-json\/wp\/v2\/pages\/46\/revisions"}],"predecessor-version":[{"id":430,"href":"https:\/\/icntri2023.nmsme.org\/icntri2023\/wp-json\/wp\/v2\/pages\/46\/revisions\/430"}],"wp:attachment":[{"href":"https:\/\/icntri2023.nmsme.org\/icntri2023\/wp-json\/wp\/v2\/media?parent=46"}],"curies":[{"name":"wp","href":"https:\/\/api.w.org\/{rel}","templated":true}]}}